{"id":403,"date":"2021-02-26T14:30:34","date_gmt":"2021-02-26T14:30:34","guid":{"rendered":"https:\/\/www.agambientales.com\/?page_id=403"},"modified":"2021-05-20T13:21:17","modified_gmt":"2021-05-20T13:21:17","slug":"nosotros","status":"publish","type":"page","link":"https:\/\/www.agambientales.com\/?page_id=403","title":{"rendered":"Nosotros"},"content":{"rendered":"\t\t<div data-elementor-type=\"wp-page\" data-elementor-id=\"403\" class=\"elementor elementor-403\" data-elementor-post-type=\"page\">\n\t\t\t\t\t\t<section class=\"elementor-section elementor-top-section elementor-element elementor-element-a465ffe elementor-section-height-min-height elementor-section-items-stretch elementor-section-boxed elementor-section-height-default\" data-id=\"a465ffe\" data-element_type=\"section\" data-e-type=\"section\" data-settings=\"{&quot;background_background&quot;:&quot;classic&quot;}\">\n\t\t\t\t\t\t\t<div class=\"elementor-background-overlay\"><\/div>\n\t\t\t\t\t\t\t<div class=\"elementor-container elementor-column-gap-default\">\n\t\t\t\t\t<div class=\"elementor-column elementor-col-100 elementor-top-column elementor-element elementor-element-fc76d20\" data-id=\"fc76d20\" data-element_type=\"column\" data-e-type=\"column\">\n\t\t\t<div class=\"elementor-widget-wrap elementor-element-populated\">\n\t\t\t\t\t\t<div class=\"elementor-element elementor-element-4b4b842 elementor-widget elementor-widget-heading\" data-id=\"4b4b842\" data-element_type=\"widget\" data-e-type=\"widget\" data-widget_type=\"heading.default\">\n\t\t\t\t<div class=\"elementor-widget-container\">\n\t\t\t\t\t<h2 class=\"elementor-heading-title elementor-size-default\">Quienes Somos<\/h2>\t\t\t\t<\/div>\n\t\t\t\t<\/div>\n\t\t\t\t<div class=\"elementor-element elementor-element-57f5d3c elementor-widget elementor-widget-heading\" data-id=\"57f5d3c\" data-element_type=\"widget\" data-e-type=\"widget\" data-widget_type=\"heading.default\">\n\t\t\t\t<div class=\"elementor-widget-container\">\n\t\t\t\t\t<h2 class=\"elementor-heading-title elementor-size-default\">Agambientales<\/h2>\t\t\t\t<\/div>\n\t\t\t\t<\/div>\n\t\t\t\t\t<\/div>\n\t\t<\/div>\n\t\t\t\t\t<\/div>\n\t\t<\/section>\n\t\t\t\t<section class=\"elementor-section elementor-top-section elementor-element elementor-element-26abad6 elementor-section-boxed elementor-section-height-default elementor-section-height-default\" data-id=\"26abad6\" data-element_type=\"section\" data-e-type=\"section\">\n\t\t\t\t\t\t<div class=\"elementor-container elementor-column-gap-no\">\n\t\t\t\t\t<div class=\"elementor-column elementor-col-50 elementor-top-column elementor-element elementor-element-510d0eb\" data-id=\"510d0eb\" data-element_type=\"column\" data-e-type=\"column\" data-settings=\"{&quot;background_background&quot;:&quot;classic&quot;}\">\n\t\t\t<div class=\"elementor-widget-wrap elementor-element-populated\">\n\t\t\t\t\t<div class=\"elementor-background-overlay\"><\/div>\n\t\t\t\t\t\t<div class=\"elementor-element elementor-element-9bb0450 elementor-widget elementor-widget-heading\" data-id=\"9bb0450\" data-element_type=\"widget\" data-e-type=\"widget\" data-widget_type=\"heading.default\">\n\t\t\t\t<div class=\"elementor-widget-container\">\n\t\t\t\t\t<h2 class=\"elementor-heading-title elementor-size-default\">Misi\u00f3n<\/h2>\t\t\t\t<\/div>\n\t\t\t\t<\/div>\n\t\t\t\t<div class=\"elementor-element elementor-element-08dddb8 elementor-widget-divider--view-line elementor-widget elementor-widget-divider\" data-id=\"08dddb8\" data-element_type=\"widget\" data-e-type=\"widget\" data-widget_type=\"divider.default\">\n\t\t\t\t<div class=\"elementor-widget-container\">\n\t\t\t\t\t\t\t<div class=\"elementor-divider\">\n\t\t\t<span class=\"elementor-divider-separator\">\n\t\t\t\t\t\t<\/span>\n\t\t<\/div>\n\t\t\t\t\t\t<\/div>\n\t\t\t\t<\/div>\n\t\t\t\t<div class=\"elementor-element elementor-element-aa40167 elementor-widget elementor-widget-text-editor\" data-id=\"aa40167\" data-element_type=\"widget\" data-e-type=\"widget\" data-widget_type=\"text-editor.default\">\n\t\t\t\t<div class=\"elementor-widget-container\">\n\t\t\t\t\t\t\t\t\t<p>Asesor\u00edas y Gestiones Ambientales S.A.S, brinda soluciones en la prestaci\u00f3n de servicio en atenci\u00f3n<br \/>de emergencias ambientales mediante la asesor\u00eda, dise\u00f1o y ejecuci\u00f3n de planes preventivos y<br \/>correctivos que contribuyan a la conservaci\u00f3n del medio ambiente.<\/p><p><br \/>Enfocados en la prestaci\u00f3n de servicios integrales con personal t\u00e9cnico y profesional especializados<br \/>en el desarrollo de la gesti\u00f3n ambiental primando la satisfacci\u00f3n del cliente.<\/p>\t\t\t\t\t\t\t\t<\/div>\n\t\t\t\t<\/div>\n\t\t\t\t\t<\/div>\n\t\t<\/div>\n\t\t\t\t<div class=\"elementor-column elementor-col-50 elementor-top-column elementor-element elementor-element-2db52ca\" data-id=\"2db52ca\" data-element_type=\"column\" data-e-type=\"column\" data-settings=\"{&quot;background_background&quot;:&quot;classic&quot;}\">\n\t\t\t<div class=\"elementor-widget-wrap elementor-element-populated\">\n\t\t\t\t\t<div class=\"elementor-background-overlay\"><\/div>\n\t\t\t\t\t\t<div class=\"elementor-element elementor-element-9308f41 elementor-widget elementor-widget-heading\" data-id=\"9308f41\" data-element_type=\"widget\" data-e-type=\"widget\" data-widget_type=\"heading.default\">\n\t\t\t\t<div class=\"elementor-widget-container\">\n\t\t\t\t\t<h2 class=\"elementor-heading-title elementor-size-default\">Visi\u00f3n<\/h2>\t\t\t\t<\/div>\n\t\t\t\t<\/div>\n\t\t\t\t<div class=\"elementor-element elementor-element-3b2f099 elementor-widget-divider--view-line elementor-widget elementor-widget-divider\" data-id=\"3b2f099\" data-element_type=\"widget\" data-e-type=\"widget\" data-widget_type=\"divider.default\">\n\t\t\t\t<div class=\"elementor-widget-container\">\n\t\t\t\t\t\t\t<div class=\"elementor-divider\">\n\t\t\t<span class=\"elementor-divider-separator\">\n\t\t\t\t\t\t<\/span>\n\t\t<\/div>\n\t\t\t\t\t\t<\/div>\n\t\t\t\t<\/div>\n\t\t\t\t<div class=\"elementor-element elementor-element-f42830b elementor-widget elementor-widget-text-editor\" data-id=\"f42830b\" data-element_type=\"widget\" data-e-type=\"widget\" data-widget_type=\"text-editor.default\">\n\t\t\t\t<div class=\"elementor-widget-container\">\n\t\t\t\t\t\t\t\t\t<p>Ser una empresa reconocida a nivel internacional en la atenci\u00f3n de emergencias ambientales,<br \/>implementando nuevos procesos que permitan mitigar los impactos socio-ambiental en los diferentes<br \/>aspectos.<\/p><p>Desarrollando nuevas tecnolog\u00edas de limpieza y recuperaci\u00f3n al servicio del sector industrial,<br \/>dedicada a brindar soluciones ambientales que llevan a proteger los recursos naturales.<\/p><p><br \/>Ofreciendo un amplio portafolio de servicios dentro de los cuales se permite la transformaci\u00f3n y<br \/>recuperaci\u00f3n de los recursos afectados por las actividades industriales, mineras y del sector<br \/>energ\u00e9tico que se desarrollan en el pa\u00eds.<\/p>\t\t\t\t\t\t\t\t<\/div>\n\t\t\t\t<\/div>\n\t\t\t\t\t<\/div>\n\t\t<\/div>\n\t\t\t\t\t<\/div>\n\t\t<\/section>\n\t\t\t\t<section class=\"elementor-section elementor-top-section elementor-element elementor-element-d6fbd21 elementor-section-boxed elementor-section-height-default elementor-section-height-default\" data-id=\"d6fbd21\" data-element_type=\"section\" data-e-type=\"section\" data-settings=\"{&quot;background_background&quot;:&quot;classic&quot;}\">\n\t\t\t\t\t\t<div class=\"elementor-container elementor-column-gap-default\">\n\t\t\t\t\t<div class=\"elementor-column elementor-col-100 elementor-top-column elementor-element elementor-element-d80fe11\" data-id=\"d80fe11\" data-element_type=\"column\" data-e-type=\"column\">\n\t\t\t<div class=\"elementor-widget-wrap elementor-element-populated\">\n\t\t\t\t\t\t<div class=\"elementor-element elementor-element-feffcc4 elementor-widget elementor-widget-heading\" data-id=\"feffcc4\" data-element_type=\"widget\" data-e-type=\"widget\" data-widget_type=\"heading.default\">\n\t\t\t\t<div class=\"elementor-widget-container\">\n\t\t\t\t\t<h2 class=\"elementor-heading-title elementor-size-default\">Pol\u00edticas<\/h2>\t\t\t\t<\/div>\n\t\t\t\t<\/div>\n\t\t\t\t<div class=\"elementor-element elementor-element-579839b elementor-widget-divider--view-line elementor-widget elementor-widget-divider\" data-id=\"579839b\" data-element_type=\"widget\" data-e-type=\"widget\" data-widget_type=\"divider.default\">\n\t\t\t\t<div class=\"elementor-widget-container\">\n\t\t\t\t\t\t\t<div class=\"elementor-divider\">\n\t\t\t<span class=\"elementor-divider-separator\">\n\t\t\t\t\t\t<\/span>\n\t\t<\/div>\n\t\t\t\t\t\t<\/div>\n\t\t\t\t<\/div>\n\t\t\t\t<div class=\"elementor-element elementor-element-b230d77 elementor-grid-2 elementor-grid-tablet-2 elementor-grid-mobile-1 elementor-posts--thumbnail-top elementor-widget elementor-widget-posts\" data-id=\"b230d77\" data-element_type=\"widget\" data-e-type=\"widget\" data-settings=\"{&quot;classic_columns&quot;:&quot;2&quot;,&quot;classic_columns_tablet&quot;:&quot;2&quot;,&quot;classic_columns_mobile&quot;:&quot;1&quot;,&quot;classic_row_gap&quot;:{&quot;unit&quot;:&quot;px&quot;,&quot;size&quot;:35,&quot;sizes&quot;:[]},&quot;classic_row_gap_tablet&quot;:{&quot;unit&quot;:&quot;px&quot;,&quot;size&quot;:&quot;&quot;,&quot;sizes&quot;:[]},&quot;classic_row_gap_mobile&quot;:{&quot;unit&quot;:&quot;px&quot;,&quot;size&quot;:&quot;&quot;,&quot;sizes&quot;:[]}}\" data-widget_type=\"posts.classic\">\n\t\t\t\t<div class=\"elementor-widget-container\">\n\t\t\t\t\t\t\t<div class=\"elementor-posts-container elementor-posts elementor-posts--skin-classic elementor-grid\" role=\"list\">\n\t\t\t\t<article class=\"elementor-post elementor-grid-item post-920 politica type-politica status-publish hentry\" role=\"listitem\">\n\t\t\t\t<div class=\"elementor-post__text\">\n\t\t\t\t<h3 class=\"elementor-post__title\">\n\t\t\t<a href=\"https:\/\/www.agambientales.com\/?p=920\" >\n\t\t\t\tPol\u00edtica de prevenci\u00f3n de no consumo de alcohol, tabaco y sustancias psicoactivas\t\t\t<\/a>\n\t\t<\/h3>\n\t\t\t\t<div class=\"elementor-post__excerpt\">\n\t\t\t\t\t<\/div>\n\t\t\n\t\t<a class=\"elementor-post__read-more\" href=\"https:\/\/www.agambientales.com\/?p=920\" aria-label=\"Read more about Pol\u00edtica de prevenci\u00f3n de no consumo de alcohol, tabaco y sustancias psicoactivas\" tabindex=\"-1\" >\n\t\t\tSaber mas\t\t<\/a>\n\n\t\t\t\t<\/div>\n\t\t\t\t<\/article>\n\t\t\t\t<article class=\"elementor-post elementor-grid-item post-919 politica type-politica status-publish hentry\" role=\"listitem\">\n\t\t\t\t<div class=\"elementor-post__text\">\n\t\t\t\t<h3 class=\"elementor-post__title\">\n\t\t\t<a href=\"https:\/\/www.agambientales.com\/?p=919\" >\n\t\t\t\tPol\u00edtica de seguridad v\u00edal\t\t\t<\/a>\n\t\t<\/h3>\n\t\t\t\t<div class=\"elementor-post__excerpt\">\n\t\t\t\t\t<\/div>\n\t\t\n\t\t<a class=\"elementor-post__read-more\" href=\"https:\/\/www.agambientales.com\/?p=919\" aria-label=\"Read more about Pol\u00edtica de seguridad v\u00edal\" tabindex=\"-1\" >\n\t\t\tSaber mas\t\t<\/a>\n\n\t\t\t\t<\/div>\n\t\t\t\t<\/article>\n\t\t\t\t<article class=\"elementor-post elementor-grid-item post-916 politica type-politica status-publish hentry\" role=\"listitem\">\n\t\t\t\t<div class=\"elementor-post__text\">\n\t\t\t\t<h3 class=\"elementor-post__title\">\n\t\t\t<a href=\"https:\/\/www.agambientales.com\/?p=916\" >\n\t\t\t\tPol\u00edtica integral de seguridad y salud en el trabajo, medio ambiente y calidad\t\t\t<\/a>\n\t\t<\/h3>\n\t\t\t\t<div class=\"elementor-post__excerpt\">\n\t\t\t\t\t<\/div>\n\t\t\n\t\t<a class=\"elementor-post__read-more\" href=\"https:\/\/www.agambientales.com\/?p=916\" aria-label=\"Read more about Pol\u00edtica integral de seguridad y salud en el trabajo, medio ambiente y calidad\" tabindex=\"-1\" >\n\t\t\tSaber mas\t\t<\/a>\n\n\t\t\t\t<\/div>\n\t\t\t\t<\/article>\n\t\t\t\t<article class=\"elementor-post elementor-grid-item post-910 politica type-politica status-publish hentry\" role=\"listitem\">\n\t\t\t\t<div class=\"elementor-post__text\">\n\t\t\t\t<h3 class=\"elementor-post__title\">\n\t\t\t<a href=\"https:\/\/www.agambientales.com\/?p=910\" >\n\t\t\t\tPol\u00edtica de prevenci\u00f3n del acoso laboral\t\t\t<\/a>\n\t\t<\/h3>\n\t\t\t\t<div class=\"elementor-post__excerpt\">\n\t\t\t\t\t<\/div>\n\t\t\n\t\t<a class=\"elementor-post__read-more\" href=\"https:\/\/www.agambientales.com\/?p=910\" aria-label=\"Read more about Pol\u00edtica de prevenci\u00f3n del acoso laboral\" tabindex=\"-1\" >\n\t\t\tSaber mas\t\t<\/a>\n\n\t\t\t\t<\/div>\n\t\t\t\t<\/article>\n\t\t\t\t<\/div>\n\t\t\n\t\t\t\t\t\t<\/div>\n\t\t\t\t<\/div>\n\t\t\t\t\t<\/div>\n\t\t<\/div>\n\t\t\t\t\t<\/div>\n\t\t<\/section>\n\t\t\t\t<section class=\"elementor-section elementor-top-section elementor-element elementor-element-c0042bb elementor-section-height-min-height elementor-section-boxed elementor-section-height-default elementor-section-items-middle\" data-id=\"c0042bb\" data-element_type=\"section\" data-e-type=\"section\" data-settings=\"{&quot;background_background&quot;:&quot;classic&quot;}\">\n\t\t\t\t\t\t<div class=\"elementor-container elementor-column-gap-default\">\n\t\t\t\t\t<div class=\"elementor-column elementor-col-100 elementor-top-column elementor-element elementor-element-71492df\" data-id=\"71492df\" data-element_type=\"column\" data-e-type=\"column\">\n\t\t\t<div class=\"elementor-widget-wrap elementor-element-populated\">\n\t\t\t\t\t\t<div class=\"elementor-element elementor-element-6306fda elementor-widget elementor-widget-heading\" data-id=\"6306fda\" data-element_type=\"widget\" data-e-type=\"widget\" data-widget_type=\"heading.default\">\n\t\t\t\t<div class=\"elementor-widget-container\">\n\t\t\t\t\t<h2 class=\"elementor-heading-title elementor-size-default\">Experiencia<\/h2>\t\t\t\t<\/div>\n\t\t\t\t<\/div>\n\t\t\t\t<div class=\"elementor-element elementor-element-dc22489 elementor-widget elementor-widget-text-editor\" data-id=\"dc22489\" data-element_type=\"widget\" data-e-type=\"widget\" data-widget_type=\"text-editor.default\">\n\t\t\t\t<div class=\"elementor-widget-container\">\n\t\t\t\t\t\t\t\t\tAsesor\u00edas y Gestiones Ambientales S.A.S.\t\t\t\t\t\t\t\t<\/div>\n\t\t\t\t<\/div>\n\t\t\t\t<section class=\"elementor-section elementor-inner-section elementor-element elementor-element-42ad98f elementor-section-boxed elementor-section-height-default elementor-section-height-default\" data-id=\"42ad98f\" data-element_type=\"section\" data-e-type=\"section\">\n\t\t\t\t\t\t<div class=\"elementor-container elementor-column-gap-default\">\n\t\t\t\t\t<div class=\"elementor-column elementor-col-100 elementor-inner-column elementor-element elementor-element-a55d302\" data-id=\"a55d302\" data-element_type=\"column\" data-e-type=\"column\">\n\t\t\t<div class=\"elementor-widget-wrap elementor-element-populated\">\n\t\t\t\t\t\t<div class=\"elementor-element elementor-element-7f1a940 elementor-widget elementor-widget-text-editor\" data-id=\"7f1a940\" data-element_type=\"widget\" data-e-type=\"widget\" data-widget_type=\"text-editor.default\">\n\t\t\t\t<div class=\"elementor-widget-container\">\n\t\t\t\t\t\t\t\t\t<p style=\"text-align: center;\"><span style=\"vertical-align: inherit;\"><span style=\"vertical-align: inherit;\">Asesor\u00edas y Gestiones Ambientales SAS es una empresa colombiana que cuenta con la experiencia en su personal de m\u00e1s de 10 a\u00f1os en la atenci\u00f3n de emergencias a nivel nacional e internacional, en las cuales se han visto involucrados m\u00e1s de 800.000 barriles de petr\u00f3leo, crudo y derivados ; <\/span><span style=\"vertical-align: inherit;\">adicionalmente hemos ejecutados a nivel nacional e Internacional los servicios de supervisi\u00f3n de los trabajos de limpieza, remediaci\u00f3n ambiental y disposici\u00f3n final de residuos s\u00f3lidos generados durante la intervenci\u00f3n de \u00e1reas afectadas por derrame de hidrocarburos y sustancias nocivas en zonas de oleoductos, \u00e1reas de operaciones<\/span><\/span><\/p><p><span style=\"color: #98b43b;\"><strong><span style=\"vertical-align: inherit;\"><span style=\"vertical-align: inherit;\">INCIDENTES AUDITADOS:<\/span><\/span><\/strong><\/span><\/p><p><span style=\"vertical-align: inherit;\"><span style=\"vertical-align: inherit;\">LIMPIEZA Y RECUPERACI\u00d3N AMBIENTAL KM 54 +400 V\u00cdA (GUACARI-BUGA). <\/span><span style=\"vertical-align: inherit;\">SECTOR SONSO <\/span><\/span><br \/><span style=\"vertical-align: inherit;\"><span style=\"vertical-align: inherit;\">LIMPIEZA Y RECUPERACI\u00d3N AMBIENTAL KM 6 + 200 V\u00cdA BOGOT\u00c1 TOCANCIP\u00c1 AUTONORTE <\/span><\/span><br \/><span style=\"vertical-align: inherit;\"><span style=\"vertical-align: inherit;\">TRASVASE Y LIMPIEZA IPAILES NARI\u00d1O<\/span><\/span><\/p><p><span style=\"vertical-align: inherit;\"><span style=\"vertical-align: inherit;\">LIMPIEZA Y RECUPERACI\u00d3N AMBIENTAL KM 84 + 40 V\u00cdA SILVANIA &#8211; GRANADA <\/span><\/span><br \/><span style=\"vertical-align: inherit;\"><span style=\"vertical-align: inherit;\">LIMPIEZA EN LA TEA EN ESTACION KITARO &#8211; PERTENECIENTE AL BLOQUE CABRESTERO VEREDA SANTA HELENA VILLANUEVA-CASANARE. <\/span><\/span><br \/><span style=\"vertical-align: inherit;\"><span style=\"vertical-align: inherit;\">INCIDENTE Km 71 + 109 Corrientes Saramuro <\/span><\/span><br \/><span style=\"vertical-align: inherit;\"><span style=\"vertical-align: inherit;\">INCIDENTE Km 7 + 726 Bater\u00eda 3 Oleoducto Terminal Saramuro.<\/span><\/span><\/p>\t\t\t\t\t\t\t\t<\/div>\n\t\t\t\t<\/div>\n\t\t\t\t\t<\/div>\n\t\t<\/div>\n\t\t\t\t\t<\/div>\n\t\t<\/section>\n\t\t\t\t\t<\/div>\n\t\t<\/div>\n\t\t\t\t\t<\/div>\n\t\t<\/section>\n\t\t\t\t<\/div>\n\t\t","protected":false},"excerpt":{"rendered":"<p>Quienes Somos Agambientales Misi\u00f3n Asesor\u00edas y Gestiones Ambientales S.A.S, brinda soluciones en la prestaci\u00f3n de servicio en atenci\u00f3nde emergencias ambientales mediante la asesor\u00eda, dise\u00f1o y ejecuci\u00f3n de planes preventivos ycorrectivos que contribuyan a la conservaci\u00f3n del medio ambiente. Enfocados en la prestaci\u00f3n de servicios integrales con personal t\u00e9cnico y profesional especializadosen el desarrollo de la [&hellip;]<\/p>\n","protected":false},"author":1,"featured_media":0,"parent":0,"menu_order":0,"comment_status":"closed","ping_status":"closed","template":"elementor_header_footer","meta":{"footnotes":""},"class_list":["post-403","page","type-page","status-publish","hentry"],"_links":{"self":[{"href":"https:\/\/www.agambientales.com\/index.php?rest_route=\/wp\/v2\/pages\/403","targetHints":{"allow":["GET"]}}],"collection":[{"href":"https:\/\/www.agambientales.com\/index.php?rest_route=\/wp\/v2\/pages"}],"about":[{"href":"https:\/\/www.agambientales.com\/index.php?rest_route=\/wp\/v2\/types\/page"}],"author":[{"embeddable":true,"href":"https:\/\/www.agambientales.com\/index.php?rest_route=\/wp\/v2\/users\/1"}],"replies":[{"embeddable":true,"href":"https:\/\/www.agambientales.com\/index.php?rest_route=%2Fwp%2Fv2%2Fcomments&post=403"}],"version-history":[{"count":26,"href":"https:\/\/www.agambientales.com\/index.php?rest_route=\/wp\/v2\/pages\/403\/revisions"}],"predecessor-version":[{"id":2365,"href":"https:\/\/www.agambientales.com\/index.php?rest_route=\/wp\/v2\/pages\/403\/revisions\/2365"}],"wp:attachment":[{"href":"https:\/\/www.agambientales.com\/index.php?rest_route=%2Fwp%2Fv2%2Fmedia&parent=403"}],"curies":[{"name":"wp","href":"https:\/\/api.w.org\/{rel}","templated":true}]}}